{"id":349,"date":"2024-11-10T17:35:35","date_gmt":"2024-11-10T15:35:35","guid":{"rendered":"https:\/\/www.noormahalcadiz.com\/menu\/"},"modified":"2024-12-04T15:43:42","modified_gmt":"2024-12-04T13:43:42","slug":"menu","status":"publish","type":"page","link":"https:\/\/www.noormahalcadiz.com\/es\/menu\/","title":{"rendered":"Men\u00fa"},"content":{"rendered":"<p>[et_pb_section fb_built=\u00bb1&#8243; admin_label=\u00bbHeader &#038; Menu\u00bb _builder_version=\u00bb4.27.2&#8243; _module_preset=\u00bbdefault\u00bb use_background_color_gradient=\u00bbon\u00bb background_color_gradient_stops=\u00bbrgba(0,0,0,0.63) 0%|rgba(0,0,0,0.11) 100%\u00bb background_color_gradient_overlays_image=\u00bbon\u00bb background_image=\u00bbhttps:\/\/www.noormahalcadiz.com\/wp-content\/uploads\/2024\/10\/4d3f1997-9623-4c32-b58e-965f726edee9.jpeg\u00bb collapsed=\u00bboff\u00bb global_colors_info=\u00bb{}\u00bb][et_pb_row _builder_version=\u00bb4.25.1&#8243; _module_preset=\u00bbdefault\u00bb global_colors_info=\u00bb{}\u00bb][et_pb_column type=\u00bb4_4&#8243; _builder_version=\u00bb4.25.1&#8243; _module_preset=\u00bbdefault\u00bb global_colors_info=\u00bb{}\u00bb][et_pb_heading title=\u00bbMEN\u00daS\u00bb _builder_version=\u00bb4.27.2&#8243; _module_preset=\u00bb6e25e168-1917-4c5c-bf39-08b1279fdfe4&#8243; title_text_align=\u00bbcenter\u00bb title_text_color=\u00bb#FFFFFF\u00bb global_colors_info=\u00bb{}\u00bb][\/et_pb_heading][\/et_pb_column][\/et_pb_row][\/et_pb_section][et_pb_section fb_built=\u00bb1&#8243; _builder_version=\u00bb4.27.3&#8243; _module_preset=\u00bbdefault\u00bb global_colors_info=\u00bb{}\u00bb][et_pb_row _builder_version=\u00bb4.27.3&#8243; _module_preset=\u00bbdefault\u00bb global_colors_info=\u00bb{}\u00bb][et_pb_column type=\u00bb4_4&#8243; _builder_version=\u00bb4.27.3&#8243; _module_preset=\u00bbdefault\u00bb global_colors_info=\u00bb{}\u00bb][et_pb_text _builder_version=\u00bb4.27.3&#8243; _module_preset=\u00bbdefault\u00bb global_colors_info=\u00bb{}\u00bb]<\/p>\n<p style=\"text-align: center;\">Consulte los men\u00fas de Noor Mahal, nuestros restaurantes indios de Jerez y Sanl\u00facar de Barrameda. Tambi\u00e9n ofrecemos comida para llevar y reparto a domicilio. Tambi\u00e9n puede descargarlos.<\/p>\n<p>[\/et_pb_text][\/et_pb_column][\/et_pb_row][et_pb_row column_structure=\u00bb1_4,1_4,1_4,1_4&#8243; _builder_version=\u00bb4.27.3&#8243; _module_preset=\u00bbdefault\u00bb global_colors_info=\u00bb{}\u00bb][et_pb_column type=\u00bb1_4&#8243; _builder_version=\u00bb4.27.3&#8243; _module_preset=\u00bbdefault\u00bb global_colors_info=\u00bb{}\u00bb][\/et_pb_column][et_pb_column type=\u00bb1_4&#8243; _builder_version=\u00bb4.27.3&#8243; _module_preset=\u00bbdefault\u00bb global_colors_info=\u00bb{}\u00bb][et_pb_button button_url=\u00bbhttps:\/\/www.noormahalcadiz.com\/wp-content\/uploads\/2024\/10\/noor-mahal-menu-jerez.pdf\u00bb url_new_window=\u00bbon\u00bb button_text=\u00bbJerez\u00bb button_alignment=\u00bbcenter\u00bb _builder_version=\u00bb4.27.2&#8243; _module_preset=\u00bbdefault\u00bb custom_button=\u00bbon\u00bb button_text_size=\u00bb25px\u00bb button_text_color=\u00bb#FFFFFF\u00bb button_bg_color=\u00bb#E02B20&#8243; button_border_radius=\u00bb36px\u00bb button_font=\u00bbABeeZee|700|||||||\u00bb global_colors_info=\u00bb{}\u00bb][\/et_pb_button][\/et_pb_column][et_pb_column type=\u00bb1_4&#8243; _builder_version=\u00bb4.27.3&#8243; _module_preset=\u00bbdefault\u00bb global_colors_info=\u00bb{}\u00bb][et_pb_button button_url=\u00bbhttps:\/\/www.noormahalcadiz.com\/wp-content\/uploads\/2024\/12\/Noor-Mahal-Sanlucar-menu.pdf\u00bb url_new_window=\u00bbon\u00bb button_text=\u00bbSanl\u00facar\u00bb button_alignment=\u00bbcenter\u00bb _builder_version=\u00bb4.27.4&#8243; _module_preset=\u00bbdefault\u00bb custom_button=\u00bbon\u00bb button_text_size=\u00bb25px\u00bb button_text_color=\u00bb#FFFFFF\u00bb button_bg_color=\u00bb#E02B20&#8243; button_border_radius=\u00bb36px\u00bb button_font=\u00bbABeeZee|700|||||||\u00bb hover_enabled=\u00bb0&#8243; locked=\u00bboff\u00bb global_colors_info=\u00bb{}\u00bb sticky_enabled=\u00bb0&#8243;][\/et_pb_button][\/et_pb_column][et_pb_column type=\u00bb1_4&#8243; _builder_version=\u00bb4.27.3&#8243; _module_preset=\u00bbdefault\u00bb global_colors_info=\u00bb{}\u00bb][\/et_pb_column][\/et_pb_row][\/et_pb_section][et_pb_section fb_built=\u00bb1&#8243; admin_label=\u00bbHome Delivery\u00bb _builder_version=\u00bb4.25.1&#8243; _module_preset=\u00bbdefault\u00bb global_module=\u00bb167&#8243; saved_tabs=\u00bball\u00bb locked=\u00bboff\u00bb collapsed=\u00bboff\u00bb global_colors_info=\u00bb{}\u00bb][et_pb_row _builder_version=\u00bb4.25.1&#8243; _module_preset=\u00bbdefault\u00bb custom_padding=\u00bb6%|6%|6%|6%|true|true\u00bb border_width_all=\u00bb4px\u00bb border_color_all=\u00bbgcid-2f5b30e8-0b99-49ac-8bde-95b2f7f6fb2c\u00bb locked=\u00bboff\u00bb global_colors_info=\u00bb{%22gcid-2f5b30e8-0b99-49ac-8bde-95b2f7f6fb2c%22:%91%22border_color_all%22%93}\u00bb][et_pb_column type=\u00bb4_4&#8243; _builder_version=\u00bb4.25.1&#8243; _module_preset=\u00bbdefault\u00bb global_colors_info=\u00bb{}\u00bb][et_pb_heading title=\u00bb\u00a1D\u00e9jenos cocinar a nosotros!\u00bb _builder_version=\u00bb4.27.2&#8243; _module_preset=\u00bbde00621f-ba87-45ef-882c-13f0957c1220&#8243; title_text_align=\u00bbcenter\u00bb custom_margin=\u00bb||10px||false|false\u00bb locked=\u00bboff\u00bb global_colors_info=\u00bb{}\u00bb][\/et_pb_heading][et_pb_heading title=\u00bb\u00a1Entrega a domicilio disponible!\u00bb _builder_version=\u00bb4.27.2&#8243; _module_preset=\u00bbc0c1789b-611a-4aa0-b563-ad78d26fc7b6&#8243; title_text_align=\u00bbcenter\u00bb custom_margin=\u00bb||10px||false|false\u00bb locked=\u00bboff\u00bb global_colors_info=\u00bb{}\u00bb][\/et_pb_heading][et_pb_text _builder_version=\u00bb4.27.2&#8243; _module_preset=\u00bb_initial\u00bb text_orientation=\u00bbcenter\u00bb global_colors_info=\u00bb{}\u00bb]<\/p>\n<p>Disfrute de las especias, los sabores y el sabor de la India en su propia casa. La comida india a domicilio aporta comodidad, variedad y la aut\u00e9ntica experiencia de los platos tradicionales, perfectos para cualquier antojo.<\/p>\n<p>[\/et_pb_text][et_pb_button button_text=\u00bbSanl\u00facar: 856 508 449-634 041 255&#8243; button_alignment=\u00bbcenter\u00bb _builder_version=\u00bb4.27.2&#8243; _module_preset=\u00bb074e6758-5caf-4104-96e3-382e9f88d8c3&#8243; button_bg_color=\u00bb#E02B20&#8243; button_border_radius=\u00bb29px\u00bb button_font=\u00bb&#8211;et_global_heading_font|700||on|||||\u00bb button_use_icon=\u00bboff\u00bb global_colors_info=\u00bb{}\u00bb][\/et_pb_button][et_pb_button button_text=\u00bbJerez: 956 407 137-631 685 946&#8243; button_alignment=\u00bbcenter\u00bb _builder_version=\u00bb4.27.2&#8243; _module_preset=\u00bb074e6758-5caf-4104-96e3-382e9f88d8c3&#8243; button_bg_color=\u00bb#E02B20&#8243; button_border_radius=\u00bb29px\u00bb button_font=\u00bb&#8211;et_global_heading_font|700||on|||||\u00bb button_use_icon=\u00bboff\u00bb global_colors_info=\u00bb{}\u00bb][\/et_pb_button][\/et_pb_column][\/et_pb_row][\/et_pb_section][et_pb_section fb_built=\u00bb1&#8243; admin_label=\u00bbFooter\u00bb _builder_version=\u00bb4.27.2&#8243; _module_preset=\u00bbdefault\u00bb module_alignment=\u00bbcenter\u00bb global_module=\u00bb76&#8243; saved_tabs=\u00bball\u00bb collapsed=\u00bboff\u00bb global_colors_info=\u00bb{}\u00bb][et_pb_row column_structure=\u00bb1_3,1_3,1_3&#8243; _builder_version=\u00bb4.25.1&#8243; _module_preset=\u00bbdefault\u00bb global_colors_info=\u00bb{}\u00bb][et_pb_column type=\u00bb1_3&#8243; _builder_version=\u00bb4.25.1&#8243; _module_preset=\u00bbdefault\u00bb global_colors_info=\u00bb{}\u00bb][et_pb_image src=\u00bbhttps:\/\/www.noormahalcadiz.com\/wp-content\/uploads\/2024\/10\/noor-mahal-300&#215;265.png\u00bb title_text=\u00bbcomida indio noor mahal\u00bb align=\u00bbcenter\u00bb _builder_version=\u00bb4.27.2&#8243; _module_preset=\u00bbdefault\u00bb global_colors_info=\u00bb{}\u00bb][\/et_pb_image][et_pb_social_media_follow icon_color=\u00bb#E02B20&#8243; use_icon_font_size=\u00bbon\u00bb icon_font_size=\u00bb24px\u00bb _builder_version=\u00bb4.27.2&#8243; _module_preset=\u00bbdefault\u00bb text_orientation=\u00bbcenter\u00bb global_colors_info=\u00bb{}\u00bb][et_pb_social_media_follow_network social_network=\u00bbfacebook\u00bb url=\u00bbhttps:\/\/www.facebook.com\/noormahaljerez\u00bb _builder_version=\u00bb4.27.2&#8243; _module_preset=\u00bbdefault\u00bb global_colors_info=\u00bb{}\u00bb follow_button=\u00bboff\u00bb url_new_window=\u00bbon\u00bb]facebook[\/et_pb_social_media_follow_network][et_pb_social_media_follow_network social_network=\u00bbinstagram\u00bb url=\u00bbhttps:\/\/www.instagram.com\/noor_mahal_jerez\u00bb _builder_version=\u00bb4.27.2&#8243; _module_preset=\u00bbdefault\u00bb global_colors_info=\u00bb{}\u00bb follow_button=\u00bboff\u00bb url_new_window=\u00bbon\u00bb]instagram[\/et_pb_social_media_follow_network][\/et_pb_social_media_follow][et_pb_code _builder_version=\u00bb4.27.2&#8243; _module_preset=\u00bbdefault\u00bb global_colors_info=\u00bb{}\u00bb]<\/p>\n<div id=\"TA_cdsscrollingravenarrow418\" class=\"TA_cdsscrollingravenarrow\">\n<ul id=\"0UHiGLdb\" class=\"TA_links EO1ZmA8S\">\n<li id=\"YA9eEoS4Ns\" class=\"TW3JVMMnpQAI\"><a target=\"_blank\" href=\"https:\/\/www.tripadvisor.com\/Restaurant_Review-g227869-d13430357-Reviews-Restaurante_Noor_Mahal-Jerez_De_La_Frontera_Costa_de_la_Luz_Andalucia.html\" rel=\"noopener\"><img decoding=\"async\" src=\"https:\/\/static.tacdn.com\/img2\/brand_refresh\/Tripadvisor_lockup_vertical.svg\" alt=\"TripAdvisor\" class=\"widEXCIMG\" id=\"CDSWIDEXCLOGO\"><\/a><\/li>\n<\/ul>\n<\/div>\n<p><script async=\"\" src=\"https:\/\/www.jscache.com\/wejs?wtype=cdsscrollingravenarrow&amp;uniq=418&amp;locationId=13430357&amp;lang=en_US&amp;border=true&amp;shadow=true&amp;backgroundColor=gray&amp;display_version=2\" data-loadtrk=\"\" onload=\"this.loadtrk=true\"><\/script>[\/et_pb_code][\/et_pb_column][et_pb_column type=\u00bb1_3&#8243; _builder_version=\u00bb4.25.1&#8243; _module_preset=\u00bbdefault\u00bb global_colors_info=\u00bb{}\u00bb][et_pb_heading title=\u00bbJEREZ DE LA FRONTERA\u00bb _builder_version=\u00bb4.27.2&#8243; _module_preset=\u00bb022cf0fc-66d0-4027-8388-afa6e1ba99af\u00bb title_text_align=\u00bbcenter\u00bb title_text_color=\u00bb#000000&#8243; title_font_size=\u00bb20px\u00bb custom_margin=\u00bb||10px||false|false\u00bb global_colors_info=\u00bb{}\u00bb][\/et_pb_heading][et_pb_text _builder_version=\u00bb4.27.2&#8243; _module_preset=\u00bb_initial\u00bb text_orientation=\u00bbcenter\u00bb global_colors_info=\u00bb{}\u00bb]Av. del Ej\u00e9rcito, 11, 11405<br \/>Jerez de la Frontera, C\u00e1diz<br \/>Telehone:<br \/>956 407 137<br \/>641 142 012[\/et_pb_text][et_pb_code _builder_version=\u00bb4.27.2&#8243; _module_preset=\u00bbdefault\u00bb global_colors_info=\u00bb{}\u00bb]<iframe src=\"https:\/\/www.google.com\/maps\/embed?pb=!1m18!1m12!1m3!1d3199.048185695646!2d-6.126798688413616!3d36.697379972161!2m3!1f0!2f0!3f0!3m2!1i1024!2i768!4f13.1!3m3!1m2!1s0xd0dc6c44c9ae4cd%3A0x34991b8ac7ad2be4!2sRestaurante%20Indio%20NOOR%20MAHAL%20Jerez!5e0!3m2!1sen!2ses!4v1730051606404!5m2!1sen!2ses\" width=\"400\" height=\"300\" style=\"border:0;\" allowfullscreen=\"\" loading=\"lazy\" referrerpolicy=\"no-referrer-when-downgrade\"><\/iframe>[\/et_pb_code][\/et_pb_column][et_pb_column type=\u00bb1_3&#8243; _builder_version=\u00bb4.27.2&#8243; _module_preset=\u00bbdefault\u00bb global_colors_info=\u00bb{}\u00bb][et_pb_heading title=\u00bbSANL\u00daCAR DE BARRAMEDA\u00bb _builder_version=\u00bb4.27.2&#8243; _module_preset=\u00bb022cf0fc-66d0-4027-8388-afa6e1ba99af\u00bb title_text_align=\u00bbcenter\u00bb title_text_color=\u00bb#000000&#8243; title_font_size=\u00bb20px\u00bb custom_margin=\u00bb||10px||false|false\u00bb locked=\u00bboff\u00bb global_colors_info=\u00bb{}\u00bb][\/et_pb_heading][et_pb_text _builder_version=\u00bb4.27.2&#8243; _module_preset=\u00bb_initial\u00bb text_orientation=\u00bbcenter\u00bb global_colors_info=\u00bb{}\u00bb]Calle Banda Playa, 15<br \/>11540 Sanl\u00facar de Barrameda, C\u00e1diz<br \/>Telephone:<br \/>856 508 449<br \/>634 041 255[\/et_pb_text][et_pb_code _builder_version=\u00bb4.27.2&#8243; _module_preset=\u00bbdefault\u00bb global_colors_info=\u00bb{}\u00bb]<iframe src=\"https:\/\/www.google.com\/maps\/embed?pb=!1m18!1m12!1m3!1d3195.5237588500195!2d-6.35457834051629!3d36.78199079386127!2m3!1f0!2f0!3f0!3m2!1i1024!2i768!4f13.1!3m3!1m2!1s0xd0ddffb304868fb%3A0x4251659204781b42!2sRestaurante%20Indio%20NOOR%20MAHAL%20Sanl%C3%BAcar!5e0!3m2!1sen!2ses!4v1730051700536!5m2!1sen!2ses\" width=\"400\" height=\"300\" style=\"border:0;\" allowfullscreen=\"\" loading=\"lazy\" referrerpolicy=\"no-referrer-when-downgrade\"><\/iframe>[\/et_pb_code][\/et_pb_column][\/et_pb_row][\/et_pb_section]<\/p>\n","protected":false},"excerpt":{"rendered":"<p>Consulte los men\u00fas de Noor Mahal, nuestros restaurantes indios de Jerez y Sanl\u00facar de Barrameda. Tambi\u00e9n ofrecemos comida para llevar y reparto a domicilio. Tambi\u00e9n puede descargarlos.Disfrute de las especias, los sabores y el sabor de la India en su propia casa. La comida india a domicilio aporta comodidad, variedad y la aut\u00e9ntica experiencia de [&hellip;]<\/p>\n","protected":false},"author":1,"featured_media":0,"parent":0,"menu_order":0,"comment_status":"closed","ping_status":"closed","template":"","meta":{"_et_pb_use_builder":"on","_et_pb_old_content":"","_et_gb_content_width":"","footnotes":""},"class_list":["post-349","page","type-page","status-publish","hentry"],"_links":{"self":[{"href":"https:\/\/www.noormahalcadiz.com\/es\/wp-json\/wp\/v2\/pages\/349","targetHints":{"allow":["GET"]}}],"collection":[{"href":"https:\/\/www.noormahalcadiz.com\/es\/wp-json\/wp\/v2\/pages"}],"about":[{"href":"https:\/\/www.noormahalcadiz.com\/es\/wp-json\/wp\/v2\/types\/page"}],"author":[{"embeddable":true,"href":"https:\/\/www.noormahalcadiz.com\/es\/wp-json\/wp\/v2\/users\/1"}],"replies":[{"embeddable":true,"href":"https:\/\/www.noormahalcadiz.com\/es\/wp-json\/wp\/v2\/comments?post=349"}],"version-history":[{"count":7,"href":"https:\/\/www.noormahalcadiz.com\/es\/wp-json\/wp\/v2\/pages\/349\/revisions"}],"predecessor-version":[{"id":376,"href":"https:\/\/www.noormahalcadiz.com\/es\/wp-json\/wp\/v2\/pages\/349\/revisions\/376"}],"wp:attachment":[{"href":"https:\/\/www.noormahalcadiz.com\/es\/wp-json\/wp\/v2\/media?parent=349"}],"curies":[{"name":"wp","href":"https:\/\/api.w.org\/{rel}","templated":true}]}}